{"id":903,"date":"2010-11-24T11:51:33","date_gmt":"2010-11-24T11:51:33","guid":{"rendered":"http:\/\/www.physiologicalcomputing.net\/wordpress\/?page_id=903"},"modified":"2021-12-22T20:28:24","modified_gmt":"2021-12-22T20:28:24","slug":"chi-2011-workshop-brain-and-body-interfaces-designing-for-meaningful-interaction","status":"publish","type":"page","link":"http:\/\/www.physiologicalcomputing.net\/?page_id=903","title":{"rendered":"CHI 2011 Workshop"},"content":{"rendered":"<div class=\"title\" style=\"text-align: center;\">Brain and Body Interfaces: Designing for Meaningful Interaction<\/div>\n<div class=\"subtitle\" style=\"text-align: center;\"><em>Sunday, May 8th 2011<\/em><\/div>\n<p style=\"text-align: center;\"><a title=\"Brain and Body Interfaces: Designing for Meaningful Interaction\" href=\"http:\/\/brainandbody.physiologicalcomputing.net\"><strong>http:\/\/brainandbody.physiologicalcomputing.net<\/strong><\/a><br \/>\n<a href=\"http:\/\/www.chi2011.org\/\"><br \/>\n<img title=\"CHI 2011 Logo\" alt=\"\" src=\"http:\/\/physiologicalcomputing.net\/wordpress\/wp-content\/uploads\/2010\/11\/logo.jpg\" \/><\/a><\/p>\n<p style=\"text-align: center;\"><strong><a href=\"http:\/\/www.chi2011.org\/\">http:\/\/www.chi2011.org<\/a><\/strong><\/p>\n<div class=\"subtitle\" style=\"text-align: center;\"><strong>Workshop Photos &amp; Videos now <a title=\"Workshop Media\" href=\"http:\/\/www.physiologicalcomputing.net\/wordpress\/?page_id=903#media\">available<\/a>!<\/strong><\/div>\n<div class=\"subtitle\" style=\"text-align: center;\"><strong><br \/>\n<\/strong><\/div>\n<div class=\"subtitle\">Welcome<\/div>\n<p>Welcome to the home of the CHI 2011 Workshop <em>&#8220;Brain and Body Interfaces: Designing for Meaningful Interaction&#8221;<\/em>. On this page you will find the <a href=\"http:\/\/physiologicalcomputing.net\/wordpress\/wp-content\/uploads\/2010\/11\/bbiCHI2011-CFP.pdf\">Call for Participation<\/a>, <a href=\"http:\/\/www.physiologicalcomputing.net\/wordpress\/wp-content\/uploads\/2010\/11\/bbiCHI2011-Extended-Abstract.pdf\">Extended Abstract<\/a> and social media links. Please check back regularly for workshop updates or alternatively you can follow the workshop <a href=\"http:\/\/www.physiologicalcomputing.net\/?tag=bbichi2011&amp;feed=rss\">RSS feed<\/a>.<\/p>\n<table cellspacing=\"10px\" align=\"center\">\n<tbody>\n<tr valign=\"middle\">\n<td><img alt=\"\" src=\"http:\/\/physiologicalcomputing.net\/wordpress\/wp-content\/uploads\/2010\/11\/pdf_icon.gif\" \/><\/td>\n<td><a href=\"http:\/\/physiologicalcomputing.net\/wordpress\/wp-content\/uploads\/2010\/11\/bbiCHI2011-CFP.pdf\">Call for Participation<\/a><\/td>\n<td><img alt=\"\" src=\"http:\/\/physiologicalcomputing.net\/wordpress\/wp-content\/uploads\/2010\/11\/pdf_icon.gif\" \/><\/td>\n<td><a href=\"http:\/\/www.physiologicalcomputing.net\/wordpress\/wp-content\/uploads\/2010\/11\/bbiCHI2011-Extended-Abstract.pdf\">Extended Abstract<\/a><\/td>\n<td><a href=\"http:\/\/www.physiologicalcomputing.net\/?tag=bbichi2011&amp;feed=rss\"><img title=\"RSS\" alt=\"\" src=\"http:\/\/physiologicalcomputing.net\/wordpress\/wp-content\/uploads\/2010\/11\/RSS.jpg\" \/><\/a><\/td>\n<td><a href=\"http:\/\/www.physiologicalcomputing.net\/?tag=bbichi2011&amp;feed=rss\">Workshop RSS Feed<\/a><\/td>\n<\/tr>\n<\/tbody>\n<\/table>\n<p>For further information about the workshop please contact Kiel Gilleade at <strong>K.M.Gilleade (at) ljmu.ac.uk<\/strong><\/p>\n<div class=\"subtitle\">Workshop Community<\/div>\n<p>If you wish to know more about this growing research field check out the <em>Physiological Computing blog<\/em> <a href=\"http:\/\/www.physiologicalcomputing.net\/wordpress\/?page_id=227\">FAQ<\/a> and <a href=\"http:\/\/www.physiologicalcomputing.net\/wordpress\/\">related posts<\/a>. Also why not consider joining the <a href=\"http:\/\/groups.google.com\/group\/brain-body-interfaces\">Brain and Body Interfaces &#8211; Google Group<\/a>, there you&#8217;ll find a welcoming research community ready to discuss the latest ideas, research and going ons in physiological computing systems. You can also visit the <a href=\"http:\/\/wiki.affectivegaming.info\/bbi\/Brain_and_Body_Interfaces\">Brain and Body Interfaces -Wiki Space<\/a> for more in-depth technical information (e.g. sensor technology, techniques).<\/p>\n<table cellspacing=\"10px\" align=\"center\">\n<tbody>\n<tr valign=\"middle\">\n<td><a href=\"http:\/\/www.facebook.com\/pages\/Brain-and-Body-Interfaces-Designing-for-Meaningful-Interaction\/114571875276375\"><img alt=\"\" src=\"http:\/\/physiologicalcomputing.net\/wordpress\/wp-content\/uploads\/2010\/11\/facebook-icon-e1291026547924.png\" \/><\/a><\/td>\n<td><a href=\"http:\/\/www.facebook.com\/pages\/Brain-and-Body-Interfaces-Designing-for-Meaningful-Interaction\/114571875276375\">Facebook Page<\/a><\/td>\n<td><a href=\"http:\/\/twitter.com\/search?q=%23bbichi2011\"><img alt=\"\" src=\"http:\/\/physiologicalcomputing.net\/wordpress\/wp-content\/uploads\/2010\/11\/twitter-e1291027535361.gif\" \/><\/a><\/td>\n<td>Twitter Hashtag <a href=\"http:\/\/twitter.com\/search?q=%23bbichi2011\">#bbiCHI2011<\/a><\/td>\n<td><a href=\"http:\/\/groups.google.com\/group\/brain-body-interfaces\"><img alt=\"\" src=\"http:\/\/physiologicalcomputing.net\/wordpress\/wp-content\/uploads\/2010\/11\/groups_logo_sm.gif\" \/><\/a><\/td>\n<td>Brain and Body Interfaces &#8211; <a href=\"http:\/\/groups.google.com\/group\/brain-body-interfaces\">Google Group<\/a><\/td>\n<\/tr>\n<\/tbody>\n<\/table>\n<div class=\"subtitle\"><strong><br \/>\nCall for Participation<\/strong><\/div>\n<p>The brain and body provide a wealth of information about the physiological, cognitive and emotional state of the user. There is an increasing opportunity to use physiological data as a form of input control for computerised systems. As entry level sensors become more cheaper and widespread, physiological interfaces are liable to become more pervasive in our society (e.g., through mobile phones and similar devices). While these signals offer new and exciting mechanisms for the control of interactive systems, the issue of whether these physiological interfaces are appropriate for application and offer the user a meaningful level interaction has been relatively unexplored.<\/p>\n<p>The goal of this one-day workshop is to bring together researchers working on brain and body interactive systems in order to (1) provide a platform for understanding physiological interaction in different research strands, (2) establish a forum for the discussion of technologies, techniques and measures, and (3) build and extend the physiological computing community.<\/p>\n<div class=\"subtitle\" id=\"wkpapers\">Workshop Papers<\/div>\n<p>Accepted papers are as follows: &#8211;<\/p>\n<ul>\n<li>Access and Analysis: the Ethics of Brain-Computer Interfaces (<strong><a title=\"Access and Analysis - the Ethics of Brain-Computer Interfaces\" href=\"http:\/\/physiologicalcomputing.net\/bbichi2011\/Access%20and%20Analysis%20-%20the%20Ethics%20of%20Brain-Computer%20Interfaces.pdf\">PDF<\/a><\/strong>)<em><br \/>\nKrysta Chauncey, Evan Peck<\/em><\/li>\n<\/ul>\n<ul>\n<li>The \u2018Aha\u2019 Moment: Using Psychophysiological Measures to Identify IT Entrepreneurial Epiphanies (<strong><a title=\"The \u2018Aha\u2019 Moment - Using Psychophysiological Measures to Identify IT Entrepreneurial Epiphanies\" href=\"http:\/\/physiologicalcomputing.net\/bbichi2011\/The%20Aha%20Moment.pdf\">PDF<\/a><\/strong>)<em><br \/>\nAdriane B. Randolph, Ga\u00ebtan Mourmant<\/em><\/li>\n<\/ul>\n<ul>\n<li>Better Brain Interfacing for the Masses: Progress in Event-Related Potential Detection using Commercial Brain Computer Interfaces (<strong><a title=\"Better Brain Interfacing for the Masses: Progress in Event-Related Potential Detection using Commercial Brain Computer Interfaces\" href=\"http:\/\/physiologicalcomputing.net\/bbichi2011\/Better%20Brain%20Interfacing%20for%20the%20Masses.pdf\">PDF<\/a><\/strong>)<br \/>\n<em>Mick Grierson, Chris Kiefer<\/em><\/li>\n<\/ul>\n<ul>\n<li>Biometric Storyboards: visualising meaningful gameplay events (<a title=\"Biometric Storyboards: visualising meaningful gameplay events\" href=\"http:\/\/physiologicalcomputing.net\/bbichi2011\/Biometric Storyboards - visualising meaningful gameplay events.pdf\"><strong>PDF<\/strong><\/a>)<br \/>\n<em>Pejman Mirza-Babaei, Graham McAllister<\/em><\/li>\n<\/ul>\n<ul>\n<li>Directions in Physiological Game Evaluation and Interaction (<strong><a title=\"Directions in Physiological Game Evaluation and Interaction\" href=\"http:\/\/physiologicalcomputing.net\/bbichi2011\/Directions in Physiological Game Evaluation and Interaction.pdf\">PDF<\/a><\/strong>)<br \/>\n<em>Lennart Nacke<\/em><\/li>\n<\/ul>\n<ul>\n<li>Framing Meaningful Adaptation in a Social Context (<strong><a title=\"Framing Meaningful Adaptation in a Social Context\" href=\"http:\/\/physiologicalcomputing.net\/bbichi2011\/Framing%20Meaningful%20Adaptation%20in%20a%20Social%20Context.pdf\">PDF<\/a><\/strong>)<br \/>\n<em>Evan Peck, Francine Lalooses, Krysta Chauncey<\/em><\/li>\n<\/ul>\n<ul>\n<li>Grasp Interaction Using Physiological Sensor Data (<a title=\"Grasp Interaction Using Physiological Data\" href=\"http:\/\/physiologicalcomputing.net\/bbichi2011\/Grasp%20Interaction%20Using%20Physiological%20Data.pdf\"><strong>PDF<\/strong><\/a>)<br \/>\n<em>Raphael Wimmer<\/em><\/li>\n<\/ul>\n<ul>\n<li>Issues inherent in controlling the interpretation of the Physiological Cloud (<strong><a title=\"Issues inherent in controlling the interpretation of the Physiological Cloud\" href=\"http:\/\/physiologicalcomputing.net\/bbichi2011\/Issues%20inherent%20in%20controlling%20the%20interpretation%20of%20the%20Physiological%20Cloud.pdf\">PDF<\/a><\/strong>) <em><br \/>\nKiel Gilleade, Kevin Lee<\/em><\/li>\n<\/ul>\n<ul>\n<li>Let Me Listen to Your Brain \u2013 Physiology-based Interaction in Collaborative Music Composition (<strong><a title=\"Let Me Listen to Your Brain - Physiology-based Interaction in Collaborative Music Composition\" href=\"http:\/\/physiologicalcomputing.net\/bbichi2011\/Let%20Me%20Listen%20to%20Your%20Brain.pdf\">PDF<\/a><\/strong>)<br \/>\n<em>Sebasti\u00e1n Mealla C., Aleksander V\u00e4ljam\u00e4e, Mathieu Bosi, Sergi Jord\u00e0<\/em><\/li>\n<\/ul>\n<ul>\n<li>Online single trial ERN detection as an interaction aid in HCI applications (<strong><a title=\"Online single trial ERN detection as an interaction aid in HCI applications\" href=\"http:\/\/physiologicalcomputing.net\/bbichi2011\/Online%20single%20trial%20ERN%20detection%20as%20an%20interaction%20aid%20in%20HCI%20applications.pdf\">PDF<\/a><\/strong>)<br \/>\n<em>Chi Thanh Vi, Sriram Subramanian<\/em><\/li>\n<\/ul>\n<ul>\n<li>Meaningful Human-Computer Interaction Using fNIRS Brain Sensing (<strong><a title=\"Meaningful Human-Computer Interaction Using fNIRS Brain Sensing\" href=\"http:\/\/physiologicalcomputing.net\/bbichi2011\/Meaningful%20Human-Computer%20Interaction%20Using%20fNIRS%20Brain%20Sensing.pdf\">PDF<\/a><\/strong>)<br \/>\n<em>Erin Treacy Solovey, Robert J. K. Jacob<\/em><\/li>\n<\/ul>\n<ul>\n<li>\u201cMovemental\u201d: Integrating Movement and the Mental Game (<strong><a title=\"\u201cMovemental\u201d Integrating Movement and the Mental Game\" href=\"http:\/\/physiologicalcomputing.net\/bbichi2011\/Movemental%20Integrating%20Movement%20and%20the%20Mental%20Game.pdf\">PDF<\/a><\/strong>)<br \/>\n<em>Alan Pope, Chad Stephens<\/em><\/li>\n<\/ul>\n<ul>\n<li>The role of physiological computing in counteracting loneliness (<strong><a title=\"The role of physiological computing in counteracting loneliness\" href=\"http:\/\/physiologicalcomputing.net\/bbichi2011\/The%20role%20of%20physiological%20computing%20in%20counteracting%20loneliness.pdf\">PDF<\/a><\/strong>)<br \/>\n<em>Joris H. Janssen, Joyce H.D.M. Westerink, Wijnand A. IJsselsteijn, Marjolein D. van der Zwaag<\/em><\/li>\n<\/ul>\n<ul>\n<li>Tangent Society \u2013 Persistent Mobile Multiplayer Activity Logging Game (<strong><a title=\"Tangent Society - Persistent Mobile Multiplayer Activity Logging Game\" href=\"http:\/\/physiologicalcomputing.net\/bbichi2011\/Tangent%20Society%20-%20Persistent%20Mobile%20Multiplayer%20Activity%20Logging%20Game.pdf\">PDF<\/a><\/strong>)<br \/>\n<em>Kai Kuikkaniemi, Ilkka Kosunen, Toni Laitinen, Max Vilkki<\/em><\/li>\n<\/ul>\n<ul>\n<li>Unobtrusive Mood Assessment for Training Applications (<strong><a title=\"Unobtrusive Mood Assessment for Training Applications\" href=\"http:\/\/physiologicalcomputing.net\/bbichi2011\/Unobtrusive%20Mood%20Assessment%20for%20Training%20Applications.pdf\">PDF<\/a><\/strong>)<br \/>\n<em>Chadwick A. Wingrave, Mike Hoffman, Joseph J. LaViola Jr., Robert Sottilare<\/em><\/li>\n<\/ul>\n<div class=\"subtitle\" id=\"media\">Workshop Media<\/div>\n<p style=\"text-align: center;\">\n<!-- iframe plugin v.4.5 wordpress.org\/plugins\/iframe\/ -->\n<iframe width=\"400\" height=\"300\" src=\"http:\/\/player.vimeo.com\/video\/24011923\" scrolling=\"yes\" class=\"iframe-class\" frameborder=\"0\"><\/iframe>\n<\/p>\n<p style=\"text-align: center;\"><em>Opening talk to the workshop &#8211; Introduction to Meaningful Interaction<\/em><\/p>\n<p>Use the below links to view individual presentation videos.<\/p>\n<p><em>Session 1 &#8211; &#8220;Input Control&#8221;<\/em><\/p>\n<ul>\n<li><a href=\"http:\/\/vimeo.com\/24170004\">Better Brain Interfacing for the Masses: Progress in Event-Related Potential Detection using Commercial Brain Computer Interfaces<\/a><\/li>\n<li><a href=\"http:\/\/vimeo.com\/24170861\">Grasp Interaction Using Physiological Sensor Data<\/a><\/li>\n<li><a href=\"http:\/\/vimeo.com\/24170252\">Online single trial ERN detection as an interaction aid in HCI applications<\/a><\/li>\n<\/ul>\n<p><em>Session 2 \u2013 \u201cMeaningful Interaction and Adaptation\u201d<\/em><\/p>\n<ul>\n<li><a href=\"http:\/\/vimeo.com\/24511420\">Meaningful Human-Computer Interaction Using fNIRS Brain Sensing<\/a><\/li>\n<li><a href=\"http:\/\/vimeo.com\/25835525\">\u201cMovemental\u201d: Integrating Movement and the Mental Game<\/a><\/li>\n<li><a href=\"http:\/\/vimeo.com\/24511497\">Framing Meaningful Adaptation in a Social Context<\/a><\/li>\n<\/ul>\n<p><em>Session 3 &#8211; &#8220;Evaluating the User Experience&#8221;<\/em><\/p>\n<ul>\n<li><a title=\"Biometric Storyboards: visualising meaningful gameplay events\" href=\"http:\/\/vimeo.com\/24917921\">Biometric Storyboards visualising meaningful gameplay events<\/a><\/li>\n<li>Unobtrusive Mood Assessment for Training Applications<\/li>\n<li><a title=\"Directions in Physiological Game Evaluation and Interaction\" href=\"http:\/\/vimeo.com\/24918221\">Directions in Physiological Game Evaluation and Interaction<\/a><\/li>\n<\/ul>\n<p><em>Session 4 \u2013 \u201cSharing the Physiological Experience\u201d<\/em><\/p>\n<ul>\n<li><a href=\"http:\/\/vimeo.com\/25354589\">Let Me Listen to Your Brain &#8211; Implicit interaction in Collaborative Music Composition<\/a><\/li>\n<li><a href=\"http:\/\/vimeo.com\/25341875\">The role of physiological computing in counteracting loneliness<\/a><\/li>\n<li><a href=\"http:\/\/vimeo.com\/25342270\">Tangent Society \u2013 Persistent Mobile Multiplayer Activity Logging Game<\/a><\/li>\n<li><a href=\"http:\/\/vimeo.com\/25355745\">Issues inherent in controlling the interpretation of the Physiological Cloud<\/a><\/li>\n<\/ul>\n<p>Workshop photos can be found on our <a href=\"http:\/\/www.flickr.com\/search\/?q=bbichi2011\">flickr tag<\/a>.<\/p>\n<div class=\"subtitle\" id=\"schedule\">Workshop Schedule<\/div>\n<p>We are located in room 223\/224.<\/p>\n<p>09:00 &#8211; 09:15\u00a0\u00a0 Register<br \/>\n09:15 &#8211; 09:30\u00a0\u00a0 Introduction to the workshop<\/p>\n<p>Each presentation session will be followed by a group Q&amp;A.<\/p>\n<p><em><span style=\"color: #000000;\">Session 1 &#8211; &#8220;Input Control&#8221;<\/span><\/em><br \/>\n09:30 &#8211; 10:15<\/p>\n<ul>\n<li>Better Brain Interfacing for the Masses: Progress in Event-Related Potential Detection using Commercial Brain Computer Interfaces by Mick Grierson<\/li>\n<li>Grasp Interaction Using Physiological Sensor Data by Raphael Wimmer<\/li>\n<li>Online single trial ERN detection as an interaction aid in HCI applications by Chi Thanh Vi<\/li>\n<\/ul>\n<p><em><span style=\"color: #000000;\">Coffee Break<\/span><\/em><br \/>\n10:<span style=\"text-decoration: line-through;\">00<\/span>15 &#8211; 10:30<\/p>\n<p><em><span style=\"color: #000000;\">Session 2 \u2013 \u201cMeaningful Interaction and Adaptation\u201d<\/span><\/em><br \/>\n10:30 \u2013 11:15<\/p>\n<ul>\n<li>Meaningful Human-Computer Interaction Using fNIRS Brain Sensing by Erin Solovey<\/li>\n<li>\u201cMovemental\u201d: Integrating Movement and the Mental Game by\u00a0 Alan Pope<\/li>\n<li>Framing Meaningful Adaptation in a Social Context by Evan M Peck<\/li>\n<\/ul>\n<p><em>Session 3 \u2013 \u201cEvaluating the User Experience\u201d<\/em><br \/>\n11:30 &#8211; 12:15<\/p>\n<ul>\n<li>Biometric Storyboards visualising meaningful gameplay events by Pejman Mirza-Babaei<\/li>\n<li>Unobtrusive Mood Assessment for Training Applications by Chadwick Wingrave<\/li>\n<li>Directions in Physiological Game Evaluation and Interaction by Lennart Nacke<\/li>\n<\/ul>\n<p><em><span style=\"color: #000000;\">Session 4 \u2013 \u201cSharing the Physiological Experience\u201d<\/span><\/em><br \/>\n12.15 &#8211; 13:10<\/p>\n<ul>\n<li>Let Me Listen to Your Brain &#8211; Implicit interaction in Collaborative Music Composition by Sebastian Mealla C.<\/li>\n<li>The role of physiological computing in counteracting loneliness by Joris Janssen<\/li>\n<li>Tangent Society \u2013 Persistent Mobile Multiplayer Activity Logging Game by Kai Kuikkaniemi<\/li>\n<li>Issues inherent in controlling the interpretation of the Physiological Cloud by Kiel Gilleade<\/li>\n<\/ul>\n<p><em><span style=\"color: #000000;\">Lunch<\/span><\/em><br \/>\n13:10 &#8211; 14:30<\/p>\n<p><em><span style=\"color: #000000;\">Group Discussion<\/span><\/em><br \/>\n14:30 &#8211; 15:30<\/p>\n<p><em><span style=\"color: #000000;\">Coffee Break<\/span><\/em><br \/>\n15:30 &#8211; 16:00<\/p>\n<p><em><span style=\"color: #000000;\">Group Discussion<\/span><\/em><br \/>\n16:00 &#8211; 16:30<\/p>\n<p><em><span style=\"color: #000000;\">Group Presentations<\/span><\/em><br \/>\n16:30 &#8211; 17:50<\/p>\n<ul>\n<li>Group 1 Presentation<\/li>\n<li>Group 2 Presentation<\/li>\n<li>Group 3 Presentation<\/li>\n<li>Group 4 Presentation<\/li>\n<\/ul>\n<p><em><span style=\"color: #000000;\">Closing Remarks<\/span><\/em><br \/>\n17:50 -18:00<\/p>\n<div class=\"subtitle\">Workshop Submissions<\/div>\n<p>We are inviting technical contributions on the following three topics: &#8211;<\/p>\n<p><strong>1. An Application Approach to Sensor Design<\/strong><\/p>\n<p>The design of a sensor at the hardware and software level defines the type of application for which the device is suitable. In medical and psychophysiological research, high-resolution data capture under laboratory conditions is standard. However not every type of physiological computer requires high-fidelity equipment and many of these systems must work in the field. Perhaps the physiological variable that drives the application must be captured with a degree of sensitivity and robustness. The application domain defines the requirements of the sensor and the type of hardware\/software support required.<\/p>\n<p>In submitting under this topic, we ask researchers to consider how the type of application influences the specification of measures and the required specification for sensor design. For example, a heart rate sensor combined with an accelerometer allows physical effort to be removed from changes in heart rate, allowing cognitive and emotional effects to be processed.<\/p>\n<p><strong>2. Meaningful Interactions with Physiology<\/strong><\/p>\n<p>A physiological computing system can define the relationship between the changes in a physiological signal and a system command in any number of ways. However, certain relations between the physical and virtual will be more intuitive if they can be made meaningful from the perspective of the user (i.e., a natural interaction). For example, increases and decreases in psychophysiological activation should lead to changes that are both appropriate and intuitive at the interface.<\/p>\n<p>In submitting under this topic, we ask researchers to consider what defines a meaningful physiological interaction and what types of meaningful interaction may exist across different categories of physiological computing system (e.g. BCI, telemedicine, affective computing). We also welcome contributions with regard to methods that evaluate meaningful interaction within this context.<\/p>\n<p><strong>3. Ethics and Privacy<\/strong><\/p>\n<p>Physiological data of users are a highly personalised and private source of information. The storage and\/or manipulation of these data can pose certain ethical concerns. For example, the uploading of physiological statistics to an online forum outside a medical context may lead to unsubstantiated self-diagnosis.<\/p>\n<p>In submitting under this topic, we ask researchers to consider the ethics and privacy issues involved in the storage and\/or manipulation of a users physiology (e.g., in biocybernetic adaptive systems) and to what extent should we allow the user\u2019s state to be manipulated?<\/p>\n<div class=\"subtitle\">Submission Details<\/div>\n<p>Authors are asked to submit a 4 page position paper in the <a href=\"http:\/\/chi2011.org\/authors\/format.html#extendedformat\">CHI extended abstracts format<\/a> to <strong>submit (at) physiologicalcomputing.net<\/strong> by <del>28th January, 2011<\/del><strong>[Submissions closed]<\/strong>. Papers may describe ongoing work, recent results, or opinions and approaches related to the workshop topic.<\/p>\n<p>A short biography of the author(s) attending the workshop needs to be included (100-150 words as a separate document). Papers will be peer-reviewed and the organizing committee will select up to 20 participants according to relevance, quality of results, research diversity, and likelihood for stimulating and contributing to the discussion. If accepted, at least one author must register for the workshop and for one or more days of the conference. Papers will also be compiled on the workshop website.<\/p>\n<p>For further information about the workshop please contact Kiel Gilleade at <strong>K.M.Gilleade (at) ljmu.ac.uk<\/strong><\/p>\n<div class=\"subtitle\">Schedule<\/div>\n<ul>\n<li>Submission deadline:<del> January 28th, 2011 <\/del><strong>**EXTENDED**<\/strong><\/li>\n<li>Notification of acceptance: <del>February 25th, 2011 <\/del><strong>**EXTENDED**<\/strong><\/li>\n<li>Workshop: May 8th 2011<\/li>\n<\/ul>\n<div class=\"subtitle\">Organising Committee<\/div>\n<ul>\n<li><a href=\"http:\/\/web.mac.com\/shfairclough\/Stephen_Fairclough_Research\/\">Stephen H. Fairclough<\/a>, Liverpool John Moores University, UK<\/li>\n<li><a href=\"http:\/\/justkiel.blogspot.com\/\">Kiel Gilleade<\/a>, Liverpool John Moores University, UK<\/li>\n<li><a href=\"http:\/\/www.acagamic.com\/lennart-nacke\/\">Lennart E. Nacke<\/a>, University of Saskatchewan, Canada<\/li>\n<li><a href=\"http:\/\/www.reganmandryk.com\/\">Regan L. Mandryk<\/a>, University of Saskatchewan, Canada<\/li>\n<\/ul>\n","protected":false},"excerpt":{"rendered":"<p>Brain and Body Interfaces: Designing for Meaningful Interaction Sunday, May 8th 2011 http:\/\/brainandbody.physiologicalcomputing.net http:\/\/www.chi2011.org Workshop Photos &amp; Videos now available! Welcome Welcome to the home of the CHI 2011 Workshop &#8220;Brain and Body Interfaces: Designing for Meaningful Interaction&#8221;. On this page you will find the Call for Participation, Extended Abstract and social media links. Please [&hellip;]<\/p>\n","protected":false},"author":1,"featured_media":0,"parent":0,"menu_order":0,"comment_status":"closed","ping_status":"closed","template":"","meta":{"spay_email":""},"jetpack_shortlink":"https:\/\/wp.me\/PY315-ez","jetpack_sharing_enabled":true,"_links":{"self":[{"href":"http:\/\/www.physiologicalcomputing.net\/index.php?rest_route=\/wp\/v2\/pages\/903"}],"collection":[{"href":"http:\/\/www.physiologicalcomputing.net\/index.php?rest_route=\/wp\/v2\/pages"}],"about":[{"href":"http:\/\/www.physiologicalcomputing.net\/index.php?rest_route=\/wp\/v2\/types\/page"}],"author":[{"embeddable":true,"href":"http:\/\/www.physiologicalcomputing.net\/index.php?rest_route=\/wp\/v2\/users\/1"}],"replies":[{"embeddable":true,"href":"http:\/\/www.physiologicalcomputing.net\/index.php?rest_route=%2Fwp%2Fv2%2Fcomments&post=903"}],"version-history":[{"count":21,"href":"http:\/\/www.physiologicalcomputing.net\/index.php?rest_route=\/wp\/v2\/pages\/903\/revisions"}],"predecessor-version":[{"id":1605,"href":"http:\/\/www.physiologicalcomputing.net\/index.php?rest_route=\/wp\/v2\/pages\/903\/revisions\/1605"}],"wp:attachment":[{"href":"http:\/\/www.physiologicalcomputing.net\/index.php?rest_route=%2Fwp%2Fv2%2Fmedia&parent=903"}],"curies":[{"name":"wp","href":"https:\/\/api.w.org\/{rel}","templated":true}]}}